{"id":17,"date":"2019-04-17T13:51:33","date_gmt":"2019-04-17T13:51:33","guid":{"rendered":"https:\/\/www.dg-floessberg.de\/?page_id=17"},"modified":"2025-08-14T05:19:06","modified_gmt":"2025-08-14T05:19:06","slug":"start","status":"publish","type":"page","link":"https:\/\/www.dg-floessberg.de\/?page_id=17","title":{"rendered":"Verein"},"content":{"rendered":"\n<p>Der Dorfgemeinschaft Fl\u00f6\u00dfberg e.V. hat sich im Jahr 2017 mit dem Ziel gegr\u00fcndet, die Zusammenarbeit bzw. das Zusammenleben der Generationen im Dorf zu st\u00e4rken sowie zu festigen.<\/p>\n\n\n\n<p>Die Jugend-, Familien- und Seniorenarbeit steht somit im Vordergrund. So haben sich bisher einige Veranstaltungsreihen etabliert, bei denen von jung bis alt jeder mitwirken kann. Neben dem j\u00e4hrlichen Vereins- sowie Gl\u00fchweinfest werden unter anderem Skatabende oder Familien- und Kindernachmittage organisiert. Au\u00dferdem findet monatlich ein Seniorennachmittag statt.<\/p>\n\n\n\n<p>Bei Fragen und Anregungen k\u00f6nnen Sie uns gern per Mail kontaktieren.<\/p>\n\n\n\n<p><strong>Kontakt:<\/strong> <a href=\"mailto:info@dg-floessberg.de\">info@dg-floessberg.de<\/a><\/p>\n\n\n\n<p><strong>Vorstand:<\/strong><\/p>\n\n\n\n<ul class=\"wp-block-list\">\n<li>Steven Kwiezinski &#8211; Vorsitzender<\/li>\n\n\n\n<li>Uwe Etzold &#8211; stellvertretender Vorsitzender<\/li>\n\n\n\n<li>Sebastian Lehning &#8211; Kassenwart<\/li>\n\n\n\n<li>Annalena Kuhnert &#8211; Schriftf\u00fchrer<\/li>\n\n\n\n<li>Hendrik Fliegner &#8211; Vorstandsmitglied<\/li>\n\n\n\n<li>J\u00f6rg Frauendorf &#8211; Vorstandsmitglied<\/li>\n\n\n\n<li>Thomas Klups &#8211; Vorstandsmitglied<\/li>\n\n\n\n<li>Manuela B\u00fcttner &#8211; Vorstandsmitglied<\/li>\n<\/ul>\n\n\n\n<p>&nbsp;<\/p>\n","protected":false},"excerpt":{"rendered":"<p>Der Dorfgemeinschaft Fl\u00f6\u00dfberg e.V. hat sich im Jahr 2017 mit dem Ziel gegr\u00fcndet, die Zusammenarbeit bzw. das Zusammenleben der Generationen im Dorf zu st\u00e4rken sowie zu festigen. Die Jugend-, Familien- und Seniorenarbeit steht somit im Vordergrund. So haben sich bisher einige Veranstaltungsreihen etabliert, bei denen von jung bis alt jeder mitwirken kann. Neben dem j\u00e4hrlichen &hellip;<\/p>\n","protected":false},"author":1,"featured_media":0,"parent":0,"menu_order":0,"comment_status":"closed","ping_status":"closed","template":"","meta":{"footnotes":""},"class_list":["post-17","page","type-page","status-publish","hentry"],"_links":{"self":[{"href":"https:\/\/www.dg-floessberg.de\/index.php?rest_route=\/wp\/v2\/pages\/17","targetHints":{"allow":["GET"]}}],"collection":[{"href":"https:\/\/www.dg-floessberg.de\/index.php?rest_route=\/wp\/v2\/pages"}],"about":[{"href":"https:\/\/www.dg-floessberg.de\/index.php?rest_route=\/wp\/v2\/types\/page"}],"author":[{"embeddable":true,"href":"https:\/\/www.dg-floessberg.de\/index.php?rest_route=\/wp\/v2\/users\/1"}],"replies":[{"embeddable":true,"href":"https:\/\/www.dg-floessberg.de\/index.php?rest_route=%2Fwp%2Fv2%2Fcomments&post=17"}],"version-history":[{"count":16,"href":"https:\/\/www.dg-floessberg.de\/index.php?rest_route=\/wp\/v2\/pages\/17\/revisions"}],"predecessor-version":[{"id":593,"href":"https:\/\/www.dg-floessberg.de\/index.php?rest_route=\/wp\/v2\/pages\/17\/revisions\/593"}],"wp:attachment":[{"href":"https:\/\/www.dg-floessberg.de\/index.php?rest_route=%2Fwp%2Fv2%2Fmedia&parent=17"}],"curies":[{"name":"wp","href":"https:\/\/api.w.org\/{rel}","templated":true}]}}